
 {"id":9556,"date":"2023-04-27T11:05:27","date_gmt":"2023-04-27T09:05:27","guid":{"rendered":"https:\/\/sacoarreda.com\/?post_type=product&#038;p=9556"},"modified":"2024-11-18T18:15:45","modified_gmt":"2024-11-18T17:15:45","slug":"lenzuolo-sotto-con-gli-angoli-elastici-140-160-x-200-cm-matrimoniale","status":"publish","type":"product","link":"https:\/\/sacoarreda.com\/?product=lenzuolo-sotto-con-gli-angoli-elastici-140-160-x-200-cm-matrimoniale","title":{"rendered":"Lenzuolo sotto con gli angoli elastici  140-160 x 200 cm &#8211; matrimoniale"},"content":{"rendered":"<p>Il lenzuolo colorato con gli angoli in jersey stretch calza perfettamente il tuo materasso, senza produrre pieghe e senza scivolare. \u00c8 disponibile come lenzuolo matrimoniale, lenzuolo singolo oppura a una piazza e mezza. \u00c8 morbido ed aderente, ed \u00e8 rifinito con un elastico perimetrale particolarmente elasticizzato. Dona comfort, \u00e8 igienico, perch\u00e9 lavabile a 60\u00b0 (bianco) o 40\u00b0 (altri colori). Il lenzuolo \u00e8 stirabile, ma non necessita della stiratura, in quanto si adatta perfettamente al materasso. \u00c8 leggero, morbido, \u00e8 facile da applicare. Il tessuto \u00e8 certificato Fiducia nel Tessile, vale a dire che non contiene alcun elemento potenzialmente nocivo per l&#8217;organismo.<\/p>\n<p>Perfetti per essere utilizzati su materassi con altezza fino a 30 centimetri.<\/p>\n<p>materiale:<br \/>\nJersey di cotone<br \/>\nMISURE 140\/160 x 200 cm &#8211; MATRIMONIALE<br \/>\nLavaggio e cura del prodotto<br \/>\nPer un alto livello d&#8217;igiene, le il salvamaterasso \u00e8 lavabili ad acqua a 60\u00b0. Consigliamo di lavarlo regolarmente per eliminare allergeni e batteri. Non necessita di essere stirato (Iron-free).<\/p>\n","protected":false},"excerpt":{"rendered":"<p>Il lenzuolo colorato con gli angoli in jersey stretch calza perfettamente il tuo materasso, senza produrre pieghe e senza scivolare. \u00c8 disponibile come lenzuolo matrimoniale, lenzuolo singolo oppura a una piazza e mezza. \u00c8 morbido ed aderente, ed \u00e8 rifinito con un elastico perimetrale particolarmente elasticizzato. Dona comfort, \u00e8 igienico, perch\u00e9 lavabile a 60\u00b0 (bianco) o 40\u00b0 (altri colori). Il lenzuolo \u00e8 stirabile, ma non necessita della stiratura, in quanto si adatta perfettamente al materasso. \u00c8 leggero, morbido, \u00e8 facile da applicare. Il tessuto \u00e8 certificato Fiducia nel Tessile, vale a dire che non contiene alcun elemento potenzialmente nocivo per l&#8217;organismo.<\/p>\n<p>Perfetti per essere utilizzati su materassi con altezza fino a 30 centimetri.<\/p>\n<p>materiale:<br \/>\nJersey di cotone<br \/>\nMISURE 140\/160 x 200 cm &#8211; MATRIMONIALE<br \/>\nLavaggio e cura del prodotto<br \/>\nPer un alto livello d&#8217;igiene, le il salvamaterasso \u00e8 lavabili ad acqua a 60\u00b0. Consigliamo di lavarlo regolarmente per eliminare allergeni e batteri. Non necessita di essere stirato (Iron-free).<\/p>\n","protected":false},"featured_media":9378,"comment_status":"open","ping_status":"closed","template":"","meta":[],"product_cat":[680,670,721],"product_tag":[77,182,406,405,216],"jetpack_sharing_enabled":true,"_links":{"self":[{"href":"https:\/\/sacoarreda.com\/index.php?rest_route=\/wp\/v2\/product\/9556"}],"collection":[{"href":"https:\/\/sacoarreda.com\/index.php?rest_route=\/wp\/v2\/product"}],"about":[{"href":"https:\/\/sacoarreda.com\/index.php?rest_route=\/wp\/v2\/types\/product"}],"replies":[{"embeddable":true,"href":"https:\/\/sacoarreda.com\/index.php?rest_route=%2Fwp%2Fv2%2Fcomments&post=9556"}],"wp:featuredmedia":[{"embeddable":true,"href":"https:\/\/sacoarreda.com\/index.php?rest_route=\/wp\/v2\/media\/9378"}],"wp:attachment":[{"href":"https:\/\/sacoarreda.com\/index.php?rest_route=%2Fwp%2Fv2%2Fmedia&parent=9556"}],"wp:term":[{"taxonomy":"product_cat","embeddable":true,"href":"https:\/\/sacoarreda.com\/index.php?rest_route=%2Fwp%2Fv2%2Fproduct_cat&post=9556"},{"taxonomy":"product_tag","embeddable":true,"href":"https:\/\/sacoarreda.com\/index.php?rest_route=%2Fwp%2Fv2%2Fproduct_tag&post=9556"}],"curies":[{"name":"wp","href":"https:\/\/api.w.org\/{rel}","templated":true}]}}