
 {"id":8360,"date":"2022-09-22T17:35:06","date_gmt":"2022-09-22T15:35:06","guid":{"rendered":"https:\/\/sacoarreda.com\/?post_type=product&#038;p=8360"},"modified":"2026-03-10T10:36:15","modified_gmt":"2026-03-10T09:36:15","slug":"piumino-daunenstep-d200-mid-season-250x200","status":"publish","type":"product","link":"https:\/\/sacoarreda.com\/?product=piumino-daunenstep-d200-mid-season-250x200","title":{"rendered":"Piumino Daunenstep D200 Mid-Season 250&#215;200"},"content":{"rendered":"<p>PIUMINO DAUNENSTEP D200 MID-SEASON<br \/>\nIl piumino Daunenstep d200 Mid-season \u00e9 confezionato a quadri fissi. Ogni quadro \u00e9 trapuntato singolarmente per garantire un ottimale distribuzione della piuma, anche durante il lavaggio.<\/p>\n<p>Un piacere naturale, puro e semplice. Una linea di piumini di perfetta qualit\u00e0, perch\u00e9 \u00e8 nella natura che \u00e8 radicata la purezza e la genuinit\u00e0 dell\u00b4Alto Adige, in ogni suo aspetto. Goditi un fresco soffio di vento per compiacerti in ogni istante di riposo. Un buon sonno \u00e8 alla base di tutto.<\/p>\n<p>Imbottitura: 90% piumino e 10% piumetta con filling power 640 cuin \u2013 medio.<\/p>\n<p>Il tessuto di rivestimento \u00e9 in puro Cambric 100% cotone.<\/p>\n<p>MID SEASON (calore leggero per stagione autunnale o primaverile)<\/p>\n<p>Lavaggio: Lavaggio in lavatrice \u2013 asciugatura in asciugatrice.<\/p>\n<p>Anallergico: Certificazione Nomite \u2013 antiacaro.<\/p>\n<p>100% naturale: Certificazione Fiducia nel Tessile.<\/p>\n","protected":false},"excerpt":{"rendered":"<p>PIUMINO DAUNENSTEP D200 MID-SEASON<br \/>\nIl piumino Daunenstep d200 Mid-season \u00e9 confezionato a quadri fissi. Ogni quadro \u00e9 trapuntato singolarmente per garantire un ottimale distribuzione della piuma, anche durante il lavaggio.<\/p>\n<p>Un piacere naturale, puro e semplice. Una linea di piumini di perfetta qualit\u00e0, perch\u00e9 \u00e8 nella natura che \u00e8 radicata la purezza e la genuinit\u00e0 dell\u00b4Alto Adige, in ogni suo aspetto. Goditi un fresco soffio di vento per compiacerti in ogni istante di riposo. Un buon sonno \u00e8 alla base di tutto.<\/p>\n<p>Imbottitura: 90% piumino e 10% piumetta con filling power 640 cuin \u2013 medio.<\/p>\n<p>Il tessuto di rivestimento \u00e9 in puro Cambric 100% cotone.<\/p>\n<p>MID SEASON (calore leggero per stagione autunnale o primaverile)<\/p>\n<p>Lavaggio: Lavaggio in lavatrice \u2013 asciugatura in asciugatrice.<\/p>\n<p>Anallergico: Certificazione Nomite \u2013 antiacaro.<\/p>\n<p>100% naturale: Certificazione Fiducia nel Tessile.<\/p>\n","protected":false},"featured_media":8361,"comment_status":"open","ping_status":"closed","template":"","meta":[],"product_cat":[676,670,714],"product_tag":[163,168,514],"jetpack_sharing_enabled":true,"_links":{"self":[{"href":"https:\/\/sacoarreda.com\/index.php?rest_route=\/wp\/v2\/product\/8360"}],"collection":[{"href":"https:\/\/sacoarreda.com\/index.php?rest_route=\/wp\/v2\/product"}],"about":[{"href":"https:\/\/sacoarreda.com\/index.php?rest_route=\/wp\/v2\/types\/product"}],"replies":[{"embeddable":true,"href":"https:\/\/sacoarreda.com\/index.php?rest_route=%2Fwp%2Fv2%2Fcomments&post=8360"}],"wp:featuredmedia":[{"embeddable":true,"href":"https:\/\/sacoarreda.com\/index.php?rest_route=\/wp\/v2\/media\/8361"}],"wp:attachment":[{"href":"https:\/\/sacoarreda.com\/index.php?rest_route=%2Fwp%2Fv2%2Fmedia&parent=8360"}],"wp:term":[{"taxonomy":"product_cat","embeddable":true,"href":"https:\/\/sacoarreda.com\/index.php?rest_route=%2Fwp%2Fv2%2Fproduct_cat&post=8360"},{"taxonomy":"product_tag","embeddable":true,"href":"https:\/\/sacoarreda.com\/index.php?rest_route=%2Fwp%2Fv2%2Fproduct_tag&post=8360"}],"curies":[{"name":"wp","href":"https:\/\/api.w.org\/{rel}","templated":true}]}}