
 {"id":8141,"date":"2022-09-08T16:20:56","date_gmt":"2022-09-08T14:20:56","guid":{"rendered":"https:\/\/sacoarreda.com\/?post_type=product&#038;p=8141"},"modified":"2026-03-10T10:36:39","modified_gmt":"2026-03-10T09:36:39","slug":"piumino-in-piuma-qualita-d400-trio-4season-250x200-matrimoniale","status":"publish","type":"product","link":"https:\/\/sacoarreda.com\/?product=piumino-in-piuma-qualita-d400-trio-4season-250x200-matrimoniale","title":{"rendered":"Piumino in piuma Qualit\u00e0 D400 Trio 4season 250&#215;200 matrimoniale"},"content":{"rendered":"<p>Il piumino Daunenstep D400 Trio 4 Seasons \u00e9 confezionato a quadri fissi. Ogni quadro \u00e9 trapuntato singolarmente per garantire un ottimale distribuzione della piuma, anche durante il lavaggio.<\/p>\n<p>La linea D400 offre una vasta gamma di proposte per tutte le esigenze: comodi e dinamici, vivaci e classici, racchiusi da un soffice manto di cotone, sempre in linea con i tempi. Il piumino prende forma in questa semplice e completa espressione di bellezza. Arricchitevi attraverso nuove esperienze.<\/p>\n<p>Imbottitura: 100% piumino con filling power 730 cuin \u2013 elevato.<\/p>\n<p>Il tessuto di rivestimento \u00e9 in puro cotone Batista soft 100% cotone.<\/p>\n<p>Gradi di calore:<\/p>\n<p>TRIO QUATTRO STAGIONI, composto da DUE PIUMINI uniti da appositi bottoncini e utilizzabili separatamente.<\/p>\n<p>Lavaggio: Lavaggio in lavatrice \u2013 asciugatura in asciugatrice.<\/p>\n<p>Anallergico: Certificazione Nomite \u2013 antiacaro.<\/p>\n<p>100% naturale: Certificazione Fiducia nel Tessile.<\/p>\n","protected":false},"excerpt":{"rendered":"<p>Il piumino Daunenstep D400 Trio 4 Seasons \u00e9 confezionato a quadri fissi. Ogni quadro \u00e9 trapuntato singolarmente per garantire un ottimale distribuzione della piuma, anche durante il lavaggio.<\/p>\n<p>La linea D400 offre una vasta gamma di proposte per tutte le esigenze: comodi e dinamici, vivaci e classici, racchiusi da un soffice manto di cotone, sempre in linea con i tempi. Il piumino prende forma in questa semplice e completa espressione di bellezza. Arricchitevi attraverso nuove esperienze.<\/p>\n<p>Imbottitura: 100% piumino con filling power 730 cuin \u2013 elevato.<\/p>\n<p>Il tessuto di rivestimento \u00e9 in puro cotone Batista soft 100% cotone.<\/p>\n<p>Gradi di calore:<\/p>\n<p>TRIO QUATTRO STAGIONI, composto da DUE PIUMINI uniti da appositi bottoncini e utilizzabili separatamente.<\/p>\n<p>Lavaggio: Lavaggio in lavatrice \u2013 asciugatura in asciugatrice.<\/p>\n<p>Anallergico: Certificazione Nomite \u2013 antiacaro.<\/p>\n<p>100% naturale: Certificazione Fiducia nel Tessile.<\/p>\n","protected":false},"featured_media":5581,"comment_status":"open","ping_status":"closed","template":"","meta":[],"product_cat":[676,670,714],"product_tag":[764,522,521,183,163,168,514,277],"jetpack_sharing_enabled":true,"_links":{"self":[{"href":"https:\/\/sacoarreda.com\/index.php?rest_route=\/wp\/v2\/product\/8141"}],"collection":[{"href":"https:\/\/sacoarreda.com\/index.php?rest_route=\/wp\/v2\/product"}],"about":[{"href":"https:\/\/sacoarreda.com\/index.php?rest_route=\/wp\/v2\/types\/product"}],"replies":[{"embeddable":true,"href":"https:\/\/sacoarreda.com\/index.php?rest_route=%2Fwp%2Fv2%2Fcomments&post=8141"}],"wp:featuredmedia":[{"embeddable":true,"href":"https:\/\/sacoarreda.com\/index.php?rest_route=\/wp\/v2\/media\/5581"}],"wp:attachment":[{"href":"https:\/\/sacoarreda.com\/index.php?rest_route=%2Fwp%2Fv2%2Fmedia&parent=8141"}],"wp:term":[{"taxonomy":"product_cat","embeddable":true,"href":"https:\/\/sacoarreda.com\/index.php?rest_route=%2Fwp%2Fv2%2Fproduct_cat&post=8141"},{"taxonomy":"product_tag","embeddable":true,"href":"https:\/\/sacoarreda.com\/index.php?rest_route=%2Fwp%2Fv2%2Fproduct_tag&post=8141"}],"curies":[{"name":"wp","href":"https:\/\/api.w.org\/{rel}","templated":true}]}}