
 {"id":7678,"date":"2022-05-19T19:10:40","date_gmt":"2022-05-19T17:10:40","guid":{"rendered":"https:\/\/sacoarreda.com\/?post_type=product&#038;p=7678"},"modified":"2024-04-23T10:15:55","modified_gmt":"2024-04-23T08:15:55","slug":"cuscino-anatomico-memo-classico","status":"publish","type":"product","link":"https:\/\/sacoarreda.com\/?product=cuscino-anatomico-memo-classico","title":{"rendered":"Cuscino Memo Anatomico"},"content":{"rendered":"<p>c<\/p>\n","protected":false},"excerpt":{"rendered":"<p>Ogni cuscino in Memory possiede una determinata densit\u00e0 e forma ed \u00e8 studiato in modo unico per far s\u00ec che tutti possano trovare la giusta soluzione per riposare in modo confortevole. La linea di cuscini Memo Anatomico ha numerosi vantaggi: oltre ad offrire il giusto sostegno per il capo, assicura anche il giusto allineamento della testa e del collo, un elemento necessario soprattutto per chi soffre di problemi alla cervicale. Inoltre, la forma ondulata dona al cuscino due altezze diverse che lo rendono adattabile a ciascuna esigenza. L\u2019imbottitura 100% schiuma viscoelastica permette al cuscino di adattarsi perfettamente alle linee della testa e del collo e grazie all&#8217;effetto Memory ne ricorda anche la posizione per qualche secondo. Questi cuscini sono ottimi anche per le loro propriet\u00e0 termiche e anallergiche: incamerano il calore emanato dal corpo e, grazie al tessuto di rivestimento a prova di acaro, sono adatti anche per chi soffre di allergia.<\/p>\n<p>Cuscino anatomico Memo Anatomico<br \/>\nUn cuscino con sagoma anatomica.<br \/>\nSagoma:ondulata (a doppia altezza)<br \/>\nTessuto di rivestimento:Morbida microfibra<\/p>\n<p>Lavaggio e cura del prodotto<br \/>\nQuesto cuscino non pu\u00f2 essere lavato.<br \/>\nConsigliamo di sostituire il cuscino mediamente ogni 2-3 anni.<br \/>\nLavaggio e asciugatura<\/p>\n","protected":false},"featured_media":7674,"comment_status":"open","ping_status":"closed","template":"","meta":[],"product_cat":[682,670],"product_tag":[941,132,741,168],"jetpack_sharing_enabled":true,"_links":{"self":[{"href":"https:\/\/sacoarreda.com\/index.php?rest_route=\/wp\/v2\/product\/7678"}],"collection":[{"href":"https:\/\/sacoarreda.com\/index.php?rest_route=\/wp\/v2\/product"}],"about":[{"href":"https:\/\/sacoarreda.com\/index.php?rest_route=\/wp\/v2\/types\/product"}],"replies":[{"embeddable":true,"href":"https:\/\/sacoarreda.com\/index.php?rest_route=%2Fwp%2Fv2%2Fcomments&post=7678"}],"wp:featuredmedia":[{"embeddable":true,"href":"https:\/\/sacoarreda.com\/index.php?rest_route=\/wp\/v2\/media\/7674"}],"wp:attachment":[{"href":"https:\/\/sacoarreda.com\/index.php?rest_route=%2Fwp%2Fv2%2Fmedia&parent=7678"}],"wp:term":[{"taxonomy":"product_cat","embeddable":true,"href":"https:\/\/sacoarreda.com\/index.php?rest_route=%2Fwp%2Fv2%2Fproduct_cat&post=7678"},{"taxonomy":"product_tag","embeddable":true,"href":"https:\/\/sacoarreda.com\/index.php?rest_route=%2Fwp%2Fv2%2Fproduct_tag&post=7678"}],"curies":[{"name":"wp","href":"https:\/\/api.w.org\/{rel}","templated":true}]}}