
 {"id":4428,"date":"2021-05-11T18:20:13","date_gmt":"2021-05-11T16:20:13","guid":{"rendered":"https:\/\/sacoarreda.com\/?post_type=product&#038;p=4428"},"modified":"2023-10-04T12:02:03","modified_gmt":"2023-10-04T10:02:03","slug":"salva-materasso-stretch-spugna-matrimoniale-xxl","status":"publish","type":"product","link":"https:\/\/sacoarreda.com\/?product=salva-materasso-stretch-spugna-matrimoniale-xxl","title":{"rendered":"Salva materasso Stretch Spugna Matrimoniale XXL"},"content":{"rendered":"<p>Il salva-materasso in spugna stretch calza perfettamente varie misure di materasso, senza produrre pieghe e senza scivolare. \u00c8 morbido ed aderente, assorbe l&#8217;umidit\u00e0 del corpo ed \u00e8 rifinito con un elastico perimetrale particolarmente resistente. Dona comfort e protegge il materasso da umidit\u00e0 e macchie, \u00e8 igienico, perch\u00e9 lavabile a 60\u00b0. Il salva-materasso \u00e8 stirabile, ma non necessita della stiratura, in quanto si adatta perfettamente al materasso (funzione stretch). \u00c8 leggero, morbido, \u00e8 facile da applicare, si lava al mattino e si riutilizza la sera stessa.<\/p>\n<p>Materiale:<br \/>\n80% cotone; 20% poliestere<br \/>\nLavabile a 60\u00b0C<br \/>\nMisura:170-200&#215;200<\/p>\n","protected":false},"excerpt":{"rendered":"<p>Il salva-materasso in spugna stretch calza perfettamente varie misure di materasso, senza produrre pieghe e senza scivolare. \u00c8 morbido ed aderente, assorbe l&#8217;umidit\u00e0 del corpo ed \u00e8 rifinito con un elastico perimetrale particolarmente resistente. Dona comfort e protegge il materasso da umidit\u00e0 e macchie, \u00e8 igienico, perch\u00e9 lavabile a 60\u00b0. Il salva-materasso \u00e8 stirabile, ma non necessita della stiratura, in quanto si adatta perfettamente al materasso (funzione stretch). \u00c8 leggero, morbido, \u00e8 facile da applicare, si lava al mattino e si riutilizza la sera stessa.<\/p>\n<p>Materiale:<br \/>\n80% cotone &amp; 20% poliestere<br \/>\nLavabile a 60\u00b0C<br \/>\nMisura:170-200X200<\/p>\n","protected":false},"featured_media":4424,"comment_status":"open","ping_status":"closed","template":"","meta":[],"product_cat":[681,670,724],"product_tag":[163,420,219],"jetpack_sharing_enabled":true,"_links":{"self":[{"href":"https:\/\/sacoarreda.com\/index.php?rest_route=\/wp\/v2\/product\/4428"}],"collection":[{"href":"https:\/\/sacoarreda.com\/index.php?rest_route=\/wp\/v2\/product"}],"about":[{"href":"https:\/\/sacoarreda.com\/index.php?rest_route=\/wp\/v2\/types\/product"}],"replies":[{"embeddable":true,"href":"https:\/\/sacoarreda.com\/index.php?rest_route=%2Fwp%2Fv2%2Fcomments&post=4428"}],"wp:featuredmedia":[{"embeddable":true,"href":"https:\/\/sacoarreda.com\/index.php?rest_route=\/wp\/v2\/media\/4424"}],"wp:attachment":[{"href":"https:\/\/sacoarreda.com\/index.php?rest_route=%2Fwp%2Fv2%2Fmedia&parent=4428"}],"wp:term":[{"taxonomy":"product_cat","embeddable":true,"href":"https:\/\/sacoarreda.com\/index.php?rest_route=%2Fwp%2Fv2%2Fproduct_cat&post=4428"},{"taxonomy":"product_tag","embeddable":true,"href":"https:\/\/sacoarreda.com\/index.php?rest_route=%2Fwp%2Fv2%2Fproduct_tag&post=4428"}],"curies":[{"name":"wp","href":"https:\/\/api.w.org\/{rel}","templated":true}]}}