
 {"id":11912,"date":"2025-01-16T10:14:19","date_gmt":"2025-01-16T09:14:19","guid":{"rendered":"https:\/\/sacoarreda.com\/?post_type=product&#038;p=11912"},"modified":"2026-03-10T10:27:07","modified_gmt":"2026-03-10T09:27:07","slug":"parure-lenzuolo-matrimoniale-madison-bordo","status":"publish","type":"product","link":"https:\/\/sacoarreda.com\/?product=parure-lenzuolo-matrimoniale-madison-bordo","title":{"rendered":"Parure Lenzuolo matrimoniale Madison Bord\u00f2"},"content":{"rendered":"<p>PARURE LENZUOLO MADISON<\/p>\n<p>COMPOSIZIONE TESSUTO: 100% Cotone &#8211; Tinto Filo<br \/>\nMISURE:<br \/>\nPARURE LENZUOLO MATRIMONIALE<br \/>\nLenzulo Sopra 250&#215;290<br \/>\n2 Federa cm. 52&#215;82 con 4 piccoli volani<\/p>\n<p>Lavabile in lavatrice.<\/p>\n<p>100% Cotone tinto in filo pettinato. Il tratto caratteristico dei tessuti tinto filo \u00e8 dato dalla tintura del filato ossia ogni motivo viene ottenuto non con la stampa ma con la tessitura dei filati tinti, garantendo colori pi\u00f9 intensi, disegni pi\u00f9 nitidi ed identici e maggiore duratura nel tempo. IL cotone pettinato invece garantisce pi\u00f9 morbidezza.<\/p>\n<p>I tessuti possiedono l&#8217;innata capacit\u00e0 di personalizzare un ambiente, donandogli stile e carattere delineandolo in maniera inconfondibile. Collezione grintosa e giovanile.<\/p>\n<p>Articolo confezionato in sacchetto dello stesso tessuto.<\/p>\n","protected":false},"excerpt":{"rendered":"<p>PARURE COPRIPIUMINO<\/p>\n<p>PARURE LENZUOLO MADISON<\/p>\n<p>COMPOSIZIONE TESSUTO: 100% Cotone &#8211; Tinto Filo<br \/>\nMISURE:<br \/>\nPARURE LENZUOLO MATRIMONIALE<br \/>\nLenzulo Sopra 250&#215;290<br \/>\n2 Federa cm. 52&#215;82 con 4 piccoli volani<\/p>\n<p>Lavabile in lavatrice.<\/p>\n<p>100% Cotone tinto in filo pettinato. Il tratto caratteristico dei tessuti tinto filo \u00e8 dato dalla tintura del filato ossia ogni motivo viene ottenuto non con la stampa ma con la tessitura dei filati tinti, garantendo colori pi\u00f9 intensi, disegni pi\u00f9 nitidi ed identici e maggiore duratura nel tempo. IL cotone pettinato invece garantisce pi\u00f9 morbidezza.<\/p>\n<p>I tessuti possiedono l&#8217;innata capacit\u00e0 di personalizzare un ambiente, donandogli stile e carattere delineandolo in maniera inconfondibile. Collezione grintosa e giovanile.<\/p>\n<p>Articolo confezionato in sacchetto dello stesso tessuto.<\/p>\n","protected":false},"featured_media":11913,"comment_status":"open","ping_status":"closed","template":"","meta":[],"product_cat":[673,670,705],"product_tag":[566,182,190,213,120,106],"jetpack_sharing_enabled":true,"_links":{"self":[{"href":"https:\/\/sacoarreda.com\/index.php?rest_route=\/wp\/v2\/product\/11912"}],"collection":[{"href":"https:\/\/sacoarreda.com\/index.php?rest_route=\/wp\/v2\/product"}],"about":[{"href":"https:\/\/sacoarreda.com\/index.php?rest_route=\/wp\/v2\/types\/product"}],"replies":[{"embeddable":true,"href":"https:\/\/sacoarreda.com\/index.php?rest_route=%2Fwp%2Fv2%2Fcomments&post=11912"}],"wp:featuredmedia":[{"embeddable":true,"href":"https:\/\/sacoarreda.com\/index.php?rest_route=\/wp\/v2\/media\/11913"}],"wp:attachment":[{"href":"https:\/\/sacoarreda.com\/index.php?rest_route=%2Fwp%2Fv2%2Fmedia&parent=11912"}],"wp:term":[{"taxonomy":"product_cat","embeddable":true,"href":"https:\/\/sacoarreda.com\/index.php?rest_route=%2Fwp%2Fv2%2Fproduct_cat&post=11912"},{"taxonomy":"product_tag","embeddable":true,"href":"https:\/\/sacoarreda.com\/index.php?rest_route=%2Fwp%2Fv2%2Fproduct_tag&post=11912"}],"curies":[{"name":"wp","href":"https:\/\/api.w.org\/{rel}","templated":true}]}}