
 {"id":11024,"date":"2024-04-23T10:16:59","date_gmt":"2024-04-23T08:16:59","guid":{"rendered":"https:\/\/sacoarreda.com\/?post_type=product&#038;p=11024"},"modified":"2024-09-02T00:12:15","modified_gmt":"2024-09-01T22:12:15","slug":"cuscino-anatomico-memo-classico-2","status":"publish","type":"product","link":"https:\/\/sacoarreda.com\/?product=cuscino-anatomico-memo-classico-2","title":{"rendered":"Cuscino Memo Classico"},"content":{"rendered":"<p>Ogni cuscino in Memory possiede una determinata densit\u00e0 e forma ed \u00e8 studiato in modo unico per far s\u00ec che tutti possano trovare la giusta soluzione per riposare in modo confortevole. Memo Classico rappresenta la linea Memory pi\u00f9 classica: \u00e8 caratterizzata da una forma a saponetta, la pi\u00f9 tradizionale che si ritrova spesso in questo tipo di guanciale, e deriva dalla combinazione di un\u2019imbottitura 100% schiuma viscoelastica e di un rivestimento 100% microfibra. Questo mix ergonomico assicura il giusto sostegno alla testa ma anche ai muscoli del collo e delle spalle, garantendo quindi un\u2019esperienza di riposo confortevole anche a chi soffre di problemi alla cervicale. Ulteriore peculiarit\u00e0 \u00e8 l&#8217;effetto Memory: il cuscino si ricorder\u00e0 la posizione per qualche secondo. Questi cuscini sono ottimi anche per le loro propriet\u00e0 termiche e anallergiche in quanto incamerano il calore emanato dal corpo e assicurano un sonno d\u2019eccellenza anche a chi soffre di allergia. <\/p>\n<p>Questo cuscino non pu\u00f2 essere lavato. Consigliamo di sostituire il cuscino mediamente ogni 2-3 anni.<\/p>\n<p>Un cuscino che offre un sostegno calibrato.<br \/>\nSagoma:<br \/>\ntradizionale (a saponetta)<br \/>\nTessuto di rivestimento:<br \/>\nMorbida microfibra<\/p>\n","protected":false},"excerpt":{"rendered":"<p>Ogni cuscino in Memory possiede una determinata densit\u00e0 e forma ed \u00e8 studiato in modo unico per far s\u00ec che tutti possano trovare la giusta soluzione per riposare in modo confortevole. Memo Classico rappresenta la linea Memory pi\u00f9 classica: \u00e8 caratterizzata da una forma a saponetta, la pi\u00f9 tradizionale che si ritrova spesso in questo tipo di guanciale, e deriva dalla combinazione di un\u2019imbottitura 100% schiuma viscoelastica e di un rivestimento 100% microfibra. Questo mix ergonomico assicura il giusto sostegno alla testa ma anche ai muscoli del collo e delle spalle, garantendo quindi un\u2019esperienza di riposo confortevole anche a chi soffre di problemi alla cervicale. Ulteriore peculiarit\u00e0 \u00e8 l&#8217;effetto Memory: il cuscino si ricorder\u00e0 la posizione per qualche secondo. Questi cuscini sono ottimi anche per le loro propriet\u00e0 termiche e anallergiche in quanto incamerano il calore emanato dal corpo e assicurano un sonno d\u2019eccellenza anche a chi soffre di allergia. <\/p>\n<p>Questo cuscino non pu\u00f2 essere lavato. Consigliamo di sostituire il cuscino mediamente ogni 2-3 anni.<\/p>\n<p>Un cuscino che offre un sostegno calibrato.<br \/>\nSagoma:<br \/>\ntradizionale (a saponetta)<br \/>\nTessuto di rivestimento:<br \/>\nMorbida microfibra<\/p>\n","protected":false},"featured_media":7674,"comment_status":"open","ping_status":"closed","template":"","meta":[],"product_cat":[682,670],"product_tag":[132,741,168],"jetpack_sharing_enabled":true,"_links":{"self":[{"href":"https:\/\/sacoarreda.com\/index.php?rest_route=\/wp\/v2\/product\/11024"}],"collection":[{"href":"https:\/\/sacoarreda.com\/index.php?rest_route=\/wp\/v2\/product"}],"about":[{"href":"https:\/\/sacoarreda.com\/index.php?rest_route=\/wp\/v2\/types\/product"}],"replies":[{"embeddable":true,"href":"https:\/\/sacoarreda.com\/index.php?rest_route=%2Fwp%2Fv2%2Fcomments&post=11024"}],"wp:featuredmedia":[{"embeddable":true,"href":"https:\/\/sacoarreda.com\/index.php?rest_route=\/wp\/v2\/media\/7674"}],"wp:attachment":[{"href":"https:\/\/sacoarreda.com\/index.php?rest_route=%2Fwp%2Fv2%2Fmedia&parent=11024"}],"wp:term":[{"taxonomy":"product_cat","embeddable":true,"href":"https:\/\/sacoarreda.com\/index.php?rest_route=%2Fwp%2Fv2%2Fproduct_cat&post=11024"},{"taxonomy":"product_tag","embeddable":true,"href":"https:\/\/sacoarreda.com\/index.php?rest_route=%2Fwp%2Fv2%2Fproduct_tag&post=11024"}],"curies":[{"name":"wp","href":"https:\/\/api.w.org\/{rel}","templated":true}]}}