
 {"id":10258,"date":"2023-10-04T11:19:46","date_gmt":"2023-10-04T09:19:46","guid":{"rendered":"https:\/\/sacoarreda.com\/?post_type=product&#038;p=10258"},"modified":"2024-09-02T00:12:22","modified_gmt":"2024-09-01T22:12:22","slug":"guanciale-aurora-50x80","status":"publish","type":"product","link":"https:\/\/sacoarreda.com\/?product=guanciale-aurora-50x80","title":{"rendered":"Guanciale Aurora 50&#215;80"},"content":{"rendered":"<p>Cuscino da letto Antibatterico ideale per strutture Ricettive<br \/>\nAurora \u00e8 il guanciale realizzato con un\u2019imbottitura in morbida fibra di poliestere.<br \/>\nI cuscini in fibra di poliestere Aurora sono realizzati esclusivamente con fibre di altissima qualit\u00e0 pensate per dare grande freschezza e traspirabilit\u00e0 ai tuoi accessori per il letto e rendere il tuo sonno ancora pi\u00f9 piacevole e salutare.<br \/>\nAurora \u00e8 realizzato in un\u2019unica misura 50 x 80 cm.<\/p>\n","protected":false},"excerpt":{"rendered":"<p>PrCuscino da letto Antibatterico ideale per strutture Ricettive<br \/>\nAurora \u00e8 il guanciale realizzato con un\u2019imbottitura in morbida fibra di poliestere.<br \/>\nI cuscini in fibra di poliestere Aurora sono realizzati esclusivamente con fibre di altissima qualit\u00e0 pensate per dare grande freschezza e traspirabilit\u00e0 ai tuoi accessori per il letto e rendere il tuo sonno ancora pi\u00f9 piacevole e salutare.<br \/>\nAurora \u00e8 realizzato in un\u2019unica misura 50 x 80 cm.<\/p>\n","protected":false},"featured_media":10260,"comment_status":"open","ping_status":"closed","template":"","meta":[],"product_cat":[682,670],"product_tag":[132,168,903],"jetpack_sharing_enabled":true,"_links":{"self":[{"href":"https:\/\/sacoarreda.com\/index.php?rest_route=\/wp\/v2\/product\/10258"}],"collection":[{"href":"https:\/\/sacoarreda.com\/index.php?rest_route=\/wp\/v2\/product"}],"about":[{"href":"https:\/\/sacoarreda.com\/index.php?rest_route=\/wp\/v2\/types\/product"}],"replies":[{"embeddable":true,"href":"https:\/\/sacoarreda.com\/index.php?rest_route=%2Fwp%2Fv2%2Fcomments&post=10258"}],"wp:featuredmedia":[{"embeddable":true,"href":"https:\/\/sacoarreda.com\/index.php?rest_route=\/wp\/v2\/media\/10260"}],"wp:attachment":[{"href":"https:\/\/sacoarreda.com\/index.php?rest_route=%2Fwp%2Fv2%2Fmedia&parent=10258"}],"wp:term":[{"taxonomy":"product_cat","embeddable":true,"href":"https:\/\/sacoarreda.com\/index.php?rest_route=%2Fwp%2Fv2%2Fproduct_cat&post=10258"},{"taxonomy":"product_tag","embeddable":true,"href":"https:\/\/sacoarreda.com\/index.php?rest_route=%2Fwp%2Fv2%2Fproduct_tag&post=10258"}],"curies":[{"name":"wp","href":"https:\/\/api.w.org\/{rel}","templated":true}]}}