
 {"id":2769,"date":"2020-12-23T16:14:22","date_gmt":"2020-12-23T15:14:22","guid":{"rendered":"https:\/\/sacoarreda.com\/?page_id=2769"},"modified":"2024-05-07T12:30:41","modified_gmt":"2024-05-07T10:30:41","slug":"condizioni-di-vendita","status":"publish","type":"page","link":"https:\/\/sacoarreda.com\/?page_id=2769","title":{"rendered":"Condizioni di Vendita"},"content":{"rendered":"<p>Le presenti condizioni generali di vendita disciplinano le modalit\u00e0 e le condizioni di vendita dei prodotti commercializzati dalla SACO SRL<\/p><p><strong>1. Prodotti: Prezzi e Caratteristiche<\/strong><\/p><p>1.1 Salvo ove diversamente indicato, i prezzi dei Prodotti pubblicati sul sito www.sacoarreda.it sono <strong>IVA inclusa<\/strong>.<\/p><p>1.2 Le <strong>caratteristiche tecniche e funzionali relative ai prodotti<\/strong> Le immagini dei prodotti sono indicative e non vincolanti. Tutte le caratteristiche tecniche ed i prezzi pubblicati sono soggette a variazioni senza preavviso.<\/p><p><strong>2. Ordini e Fatturazione<\/strong><\/p><p>2.1 Tutti gli ordini di acquisto trasmessi alla SACO SRL tramite il suo sito www.sacoarreda.it dovranno essere completi in ogni loro parte e dovranno contenere tutti gli elementi necessari per la corretta individuazione dei Prodotti ordinati. Ciascun ordine di Prodotti trasmesso alla SACO SRL costituisce proposta contrattuale del Cliente e, pertanto, sar\u00e0 vincolante per la SACO SRL solo se dalla stessa confermato per accettazione. L&#8217;evasione dell&#8217;ordine da parte della SACO SRL equivale alla conferma ed accettazione dello stesso.<\/p><p>2.2 La SACO SRL si riserva il diritto di non accettare ordini incompleti. In caso di mancata esecuzione dell&#8217;ordine da parte della SACO SRL (qualora la stessa sia dovuta ad indisponibilit\u00e0 dei Prodotti ordinati dal Cliente), la SACO SRL provveder\u00e0 al pi\u00f9 presto ad informare il Cliente, rimborsando le somme da questi eventualmente gi\u00e0 versate a fronte della fornitura non eseguita. In tal caso il Cliente non avr\u00e0 diritto ad alcun rimborso n\u00e9 ad indennizzi o risarcimenti di sorta.<\/p><p>2.3 La documentazione fiscale (fattura o scontrino) relativa ai Prodotti ordinati verr\u00e0 emessa dalla SACO SRL al momento della spedizione dei Prodotti acquistati dal Cliente.<\/p><p><strong>Diritto di propriet\u00e0<\/strong><\/p><p>Fino al momento in cui non verr\u00e0 evaso l&#8217;ordine, SACO SRL resta il proprietario della merce, e si riserva il diritto di annullare e rimborsare tale acquisto.<\/p><p><strong>3. Consegna dei Prodotti<\/strong><\/p><p>3.1 Tutte le spese di consegna dei Prodotti sono a Carico del Cliente. Le consegne vengono normalmente effettuate tramite Corriere Espresso.<\/p><p>3.2 I termini di consegna, dalla nostra conferma ordine, sono di 48-72 ore e si riferiscono ai Prodotti presenti presso il nostro magazzino. Eventuali ritardi nelle consegne inferiori a 10 (dieci) giorni non danno diritto al Cliente di rifiutare la consegna dei Prodotti, n\u00e9 di pretendere risarcimenti o indennizzi di sorta.<\/p><p>3.3 Condizioni e termini di consegna particolari dovranno essere preventivamente concordate tra il Cliente e la SACO SRL ed accettate per iscritto dalla SACO SRL<\/p><h1 class=\"wp-block-heading display: none; has-white-color has-text-color\" id=\"pagamenti\">&#8211;<\/h1><p><strong>4. Pagamento<\/strong><\/p><p>4.1 Modalit\u00e0 di pagamento: &#8211; Bonifico Bancario &#8211; PayPal<\/p><p><strong>Bonifico Bancario<\/strong><\/p><p>Titolare: SACO SRL<\/p><p>BCC CREDITO COOPERATIVO DI SPELLO DEL VELINO filiale di Capitan Loreto<\/p><p><br>IT 54 Q 08871 38693 008000119831<\/p><h1 class=\"wp-block-heading display: none; has-white-color has-text-color\" id=\"spedizioni\">&#8211;<\/h1><p><strong>ATTENZIONE!<\/strong> Gli ordini che ci riceviamo con questo metodo di pagamento vengono evasi solo al momento dell&#8217;accredito effettivo sul nostro conto corrente, i tempi di accredito spaziano dai 1 ai 3 giorni lavorativi.<\/p><p>4.2 Le spese di spedizione sono a carico del Cliente. Esse vengono calcolate automaticamente in funzione della quantit\u00e0 dei Prodotti selezionati e della destinazione dei medesimi. Al momento dell&#8217;Ordine, il Cliente trova esplicita menzione delle Spese di Consegna.<\/p><p>E&#8217; importante che il Cliente, al ricevimento della merce, verifichi che: * il numero dei colli in consegna corrisponda a quello indicato nel documento fiscale che li accompagna; * la merce corrisponda a quanto effettivamente indicato nel documento fiscale; * l&#8217;imballo risulti integro, non danneggiato n\u00e9 bagnato o comunque alterato o manomesso, anche nei materiali\/sigilli di chiusura (nastro adesivo, reggette&#8230;).<\/p><p>Gli eventuali danni o la mancata corrispondenza del numero dei colli, cos\u00ec come gli eventuali ritardi nella consegna, devono essere immediatamente contestati al Corriere che effettua la consegna, apponendo la dicitura &#8220;ritiro con riserva per mancanza e\/o danneggiamento di n\u00b0&#8230; colli&#8221; sull&#8217;apposito documento fiscale e confermati per e-mail alla SACO SRL a commerciale@sacotex.it entro sette giorni solari. Pur in presenza di imballo integro, la merce dovr\u00e0 essere verificata entro sette giorni solari dal ricevimento. Eventuali danni occulti dovranno essere segnalati entro lo stesso lasso di tempo (sette giorni). Ogni segnalazione oltre i suddetti termini e\/o tramite diversi mezzi da quanto sopra segnalato, non sar\u00e0 presa in considerazione. Di ogni dichiarazione il Cliente si assume la piena responsabilit\u00e0. Una volta firmato il documento del Corriere, il Cliente non potr\u00e0 opporre alcuna contestazione circa le caratteristiche esteriori di quanto consegnatogli ed il numero dei colli ricevuti.<\/p><h1 class=\"wp-block-heading display: none; has-white-color has-text-color\" id=\"reso-e-rimborsi\">&#8211;<\/h1><h4 class=\"wp-block-heading\"><strong>5. Diritto di Recesso<\/strong><\/h4><p>5.1 Ai sensi del Decreto Legislativo del 22 maggio 1999 n. 185, &#8220;Attuazione della direttiva 97\/7\/CE relativa alla protezione dei consumatori in materia di contratti a distanza&#8221;, il Cliente (qualora sia qualificabile come &#8220;consumatore&#8221; ai sensi dell&#8217;art.1 lett b) ha il diritto di recedere dal contratto e di restituire i Prodotti ordinati, senza alcuna penalit\u00e0 e senza specificarne il motivo, entro il termine di 14 (quattordici) giorni lavorativi dal ricevimento dei Prodotti stessi.<\/p><p>5.2 Il diritto di recesso di cui al precedente articolo 5.1 dovr\u00e0 essere esercitato dal Cliente, a pena di decadenza, mediante invio di lettera raccomandata a.r. alla SACO SRL , entro il termine di 14 (quattordici) giorni lavorativi dal ricevimento dei Prodotti. La comunicazione di cui sopra pu\u00f2 essere inviata, entro lo stesso termine, anche mediante email a sacoarreda@pec.it<\/p><p>5.3 Tutti i resi (che dovranno essere inutilizzati, perfettamente integri ed accompagnati dalla confezione originale) dovranno essere autorizzati in forma scritta dalla SACO SRL Il Cliente potr\u00e0 rispedire il Prodotto al seguente indirizzo: SACO SRL via Monte Peglia nr. 1- 06081 Capodacqua di Assisi (PG) &#8211; Italia. Non verranno accettati pacchi in contrassegno od a carico del destinatario.<\/p><p>5.4 Una volta ricevuti i Prodotti (e verificata la loro integrit\u00e0, la SACO SRL provveder\u00e0, entro 30 giorni dal ricevimento della comunicazione del recesso, ad accreditare al Cliente, mediante Bonifico Bancario o PayPal, il costo dei Prodotti restituiti (come indicato in ricevuta), trattenendo, ove necessario, l&#8217;importo delle spese di spedizione che resteranno definitivamente a carico del cliente. Sar\u00e0 cura del cliente fornire tempestivamente le coordinate bancarie sulle quali ottenere il bonifico (Codice IBAN).<\/p><p><strong>6. Reclami<\/strong><\/p><p>Per eventuali reclami i clienti possono scrivere all&#8217;indirizzo commerciale@sacotex.it.<\/p><p><strong>Identit\u00e0 del partner contrattuale<\/strong><\/p><p>Tutti i contratti di acquisto sono stipulati con SACO SRL<\/p><p><br>SACO SRL<br>Sede Legale: Via Monte Peglia nr. 1<br>06081 Capodacqua di Assisi (PG)<br>TEL.: +39 075 8064530<br>C.F. &amp; P.IVA 03923970549<\/p>","protected":false},"excerpt":{"rendered":"<p>Le presenti condizioni generali di vendita disciplinano le modalit\u00e0 e le condizioni di vendita dei prodotti commercializzati dalla SACO SRL 1. Prodotti: Prezzi e Caratteristiche 1.1 Salvo ove diversamente indicato, i prezzi dei Prodotti pubblicati sul sito www.sacoarreda.it sono IVA inclusa. 1.2 Le caratteristiche tecniche e funzionali relative ai prodotti Le immagini dei prodotti sono [&hellip;]<\/p>\n","protected":false},"author":1,"featured_media":0,"parent":0,"menu_order":0,"comment_status":"closed","ping_status":"closed","template":"","meta":{"footnotes":""},"jetpack_sharing_enabled":true,"_links":{"self":[{"href":"https:\/\/sacoarreda.com\/index.php?rest_route=\/wp\/v2\/pages\/2769"}],"collection":[{"href":"https:\/\/sacoarreda.com\/index.php?rest_route=\/wp\/v2\/pages"}],"about":[{"href":"https:\/\/sacoarreda.com\/index.php?rest_route=\/wp\/v2\/types\/page"}],"author":[{"embeddable":true,"href":"https:\/\/sacoarreda.com\/index.php?rest_route=\/wp\/v2\/users\/1"}],"replies":[{"embeddable":true,"href":"https:\/\/sacoarreda.com\/index.php?rest_route=%2Fwp%2Fv2%2Fcomments&post=2769"}],"version-history":[{"count":2,"href":"https:\/\/sacoarreda.com\/index.php?rest_route=\/wp\/v2\/pages\/2769\/revisions"}],"predecessor-version":[{"id":11105,"href":"https:\/\/sacoarreda.com\/index.php?rest_route=\/wp\/v2\/pages\/2769\/revisions\/11105"}],"wp:attachment":[{"href":"https:\/\/sacoarreda.com\/index.php?rest_route=%2Fwp%2Fv2%2Fmedia&parent=2769"}],"curies":[{"name":"wp","href":"https:\/\/api.w.org\/{rel}","templated":true}]}}